{"id":7,"date":"2015-11-10T12:29:19","date_gmt":"2015-11-10T12:29:19","guid":{"rendered":"http:\/\/singlestroke.io\/demo\/jackrose-wp\/?page_id=7"},"modified":"2024-07-27T18:19:54","modified_gmt":"2024-07-27T18:19:54","slug":"home-slider","status":"publish","type":"page","link":"https:\/\/invitacionesdigitales.media\/boda-pato-y-gaby\/","title":{"rendered":"Home Slider"},"content":{"rendered":"<div id=\"pl-7\"  class=\"panel-layout\" ><div id=\"pg-7-0\"  class=\"panel-grid panel-has-style\" ><div id=\"intro\" data-jackrose-anchor=\"intro\" class=\"panel-row-style panel-row-style-for-7-0\" ><div id=\"pgc-7-0-0\"  class=\"panel-grid-cell\" ><div id=\"panel-7-0-0-0\" class=\"so-panel widget widget_jackrose-sow-couple-intro panel-first-child\" data-index=\"0\" ><div class=\"jackrose-animation-fade-in panel-widget-style panel-widget-style-for-7-0-0-0\" ><div\n\t\t\t\n\t\t\tclass=\"so-widget-jackrose-sow-couple-intro so-widget-jackrose-sow-couple-intro-default-d75171398898-7\"\n\t\t\t\n\t\t><div class=\"jackrose-sow-couple-intro align-center\">\r\n\t\t<div class=\"jackrose-sow-couple-intro-groom \">\r\n\t\t<div class=\"jackrose-sow-couple-intro-photo\">\r\n\t\t\t\t\t\t<img loading=\"lazy\" decoding=\"async\" width=\"240\" height=\"260\" src=\"https:\/\/invitacionesdigitales.media\/boda-pato-y-gaby\/wp-content\/uploads\/sites\/2\/2023\/07\/intro-groom.png\" class=\"attachment-full size-full\" alt=\"\" \/>\t\t<\/div>\r\n\r\n\t\t<div class=\"jackrose-sow-couple-intro-name typography-heading\">Pato Garc\u00eda<\/div>\r\n\t<\/div><!-- .jackrose-sow-couple-intro-groom -->\r\n\r\n\t<div class=\"jackrose-sow-couple-intro-separator \">\r\n\t\t\t\t\r\n\t\t<img loading=\"lazy\" decoding=\"async\" width=\"160\" height=\"100\" src=\"https:\/\/invitacionesdigitales.media\/boda-pato-y-gaby\/wp-content\/uploads\/sites\/2\/2015\/11\/intro-separator.png\" class=\"attachment-full size-full\" alt=\"\" \/>\t<\/div><!-- .jackrose-sow-couple-intro-separator -->\r\n\r\n\t<div class=\"jackrose-sow-couple-intro-bride \">\r\n\t\t<div class=\"jackrose-sow-couple-intro-photo\">\r\n\t\t\t\t\t\t<img loading=\"lazy\" decoding=\"async\" width=\"240\" height=\"260\" src=\"https:\/\/invitacionesdigitales.media\/boda-pato-y-gaby\/wp-content\/uploads\/sites\/2\/2023\/07\/intro-bride.png\" class=\"attachment-full size-full\" alt=\"\" \/>\t\t<\/div>\r\n\r\n\t\t<div class=\"jackrose-sow-couple-intro-name typography-heading\">Gaby Andrade<\/div>\r\n\t<\/div><!-- .jackrose-sow-couple-intro-bride -->\r\n<\/div><!-- .jackrose-sow-couple-intro --><\/div><\/div><\/div><div id=\"panel-7-0-0-1\" class=\"so-panel widget widget_jackrose-sow-section-heading panel-last-child\" data-index=\"1\" ><div class=\"jackrose-animation-fade-in panel-widget-style panel-widget-style-for-7-0-0-1\" ><div\n\t\t\t\n\t\t\tclass=\"so-widget-jackrose-sow-section-heading so-widget-jackrose-sow-section-heading-default-d75171398898-7\"\n\t\t\t\n\t\t><header class=\"jackrose-sow-section-header align-center\">\r\n\t<h2 class=\"jackrose-sow-section-heading typography-section-heading\" style=\"color: #dcc8b4\">\u00a1Nos casamos!<\/h2>\r\n\t<p class=\"jackrose-sow-section-subheading\" style=\"color: #888888\">16 de Diciembre 2023 &mdash; Aguascalientes, Aguascalientes<\/p>\r\n<\/header><!-- .jackrose-sow-section-header --><\/div><\/div><\/div><\/div><\/div><\/div><div id=\"pg-7-1\"  class=\"panel-grid panel-has-style\" ><div class=\"siteorigin-panels-stretch panel-row-style panel-row-style-for-7-1\" data-stretch-type=\"full\" id=\"countdown\" data-jackrose-anchor=\"countdown\" ><div id=\"pgc-7-1-0\"  class=\"panel-grid-cell\" ><div id=\"panel-7-1-0-0\" class=\"so-panel widget widget_jackrose-sow-countdown panel-first-child panel-last-child\" data-index=\"2\" ><div class=\"jackrose-animation-fade-in panel-widget-style panel-widget-style-for-7-1-0-0\" ><div\n\t\t\t\n\t\t\tclass=\"so-widget-jackrose-sow-countdown so-widget-jackrose-sow-countdown-default-d75171398898-7\"\n\t\t\t\n\t\t><div class=\"jackrose-sow-countdown align-center\" data-jackrose-target=\"2024\/12\/16 18:00:00\" data-jackrose-build=\"m_n_H_M_S\">\r\n\t\t\t\t\t\t<div class=\"jackrose-sow-countdown-fragment jackrose-sow-countdown-months\"\r\n\t\tdata-jackrose-format=\"m\"\r\n\t\tdata-jackrose-singular=\"month\"\r\n\t\tdata-jackrose-plural=\"months\">\r\n\t\t\t<big><\/big><small><\/small>\r\n\t\t<\/div><!-- .jackrose-sow-countdown-fragment -->\r\n\t\t\t\t\t<div class=\"jackrose-sow-countdown-fragment jackrose-sow-countdown-days\"\r\n\t\tdata-jackrose-format=\"n\"\r\n\t\tdata-jackrose-singular=\"day\"\r\n\t\tdata-jackrose-plural=\"days\">\r\n\t\t\t<big><\/big><small><\/small>\r\n\t\t<\/div><!-- .jackrose-sow-countdown-fragment -->\r\n\t\t\t\t\t<div class=\"jackrose-sow-countdown-fragment jackrose-sow-countdown-hours\"\r\n\t\tdata-jackrose-format=\"H\"\r\n\t\tdata-jackrose-singular=\"hour\"\r\n\t\tdata-jackrose-plural=\"hours\">\r\n\t\t\t<big><\/big><small><\/small>\r\n\t\t<\/div><!-- .jackrose-sow-countdown-fragment -->\r\n\t\t\t\t\t<div class=\"jackrose-sow-countdown-fragment jackrose-sow-countdown-minutes\"\r\n\t\tdata-jackrose-format=\"M\"\r\n\t\tdata-jackrose-singular=\"minute\"\r\n\t\tdata-jackrose-plural=\"minutes\">\r\n\t\t\t<big><\/big><small><\/small>\r\n\t\t<\/div><!-- .jackrose-sow-countdown-fragment -->\r\n\t\t\t\t\t<div class=\"jackrose-sow-countdown-fragment jackrose-sow-countdown-seconds\"\r\n\t\tdata-jackrose-format=\"S\"\r\n\t\tdata-jackrose-singular=\"second\"\r\n\t\tdata-jackrose-plural=\"seconds\">\r\n\t\t\t<big><\/big><small><\/small>\r\n\t\t<\/div><!-- .jackrose-sow-countdown-fragment -->\r\n\t<\/div><!-- .jackrose-sow-countdown --><\/div><\/div><\/div><\/div><\/div><\/div><div id=\"pg-7-2\"  class=\"panel-grid panel-has-style\" ><div id=\"groom-bride\" data-jackrose-anchor=\"groom-bride\" class=\"panel-row-style panel-row-style-for-7-2\" ><div id=\"pgc-7-2-0\"  class=\"panel-grid-cell\" ><div id=\"panel-7-2-0-0\" class=\"so-panel widget widget_jackrose-sow-section-heading panel-first-child\" data-index=\"3\" ><div class=\"jackrose-animation-fade-in panel-widget-style panel-widget-style-for-7-2-0-0\" ><div\n\t\t\t\n\t\t\tclass=\"so-widget-jackrose-sow-section-heading so-widget-jackrose-sow-section-heading-default-d75171398898-7\"\n\t\t\t\n\t\t><header class=\"jackrose-sow-section-header align-center\">\r\n\t<h2 class=\"jackrose-sow-section-heading typography-section-heading\" style=\"color: #dcc8b4\">Nosotros<\/h2>\r\n\t<p class=\"jackrose-sow-section-subheading\" style=\"color: #888888\"><\/p>\r\n<\/header><!-- .jackrose-sow-section-header --><\/div><\/div><\/div><div id=\"panel-7-2-0-1\" class=\"so-panel widget widget_jackrose-sow-about-us-grid panel-last-child\" data-index=\"4\" ><div\n\t\t\t\n\t\t\tclass=\"so-widget-jackrose-sow-about-us-grid so-widget-jackrose-sow-about-us-grid-default-d75171398898-7\"\n\t\t\t\n\t\t><div class=\"jackrose-sow-about-us-grid\">\r\n\t\t\t<div class=\"jackrose-sow-about-us-grid-item jackrose-sow-about-us-grid-item-photo-left clear jackrose-animation-fade-in-up\"\r\n\t\t\tstyle=\"background-color: #f6f4f2\">\r\n\t\t\t<div class=\"jackrose-sow-about-us-grid-item-photo\">\r\n\t\t\t\t\t\t\t\t<div class=\"jackrose-sow-about-us-grid-item-photo-image\" style=\"background-image: url(https:\/\/invitacionesdigitales.media\/boda-pato-y-gaby\/wp-content\/uploads\/sites\/2\/2023\/07\/DSC_0619-540x360.jpg);\"><\/div>\r\n\t\t\t<\/div><!-- .jackrose-sow-about-us-grid-item-photo -->\r\n\t\t\t<div class=\"jackrose-sow-about-us-grid-item-text\">\r\n\t\t\t\t<h4 class=\"jackrose-sow-about-us-grid-item-name typography-heading\">Patricio Garc\u00eda<\/h4>\r\n\t\t\t\t<div class=\"jackrose-sow-about-us-grid-item-content\"><p>\"Eres mi estrella en el cielo nocturno, mi yegua salvaje en la pradera, y el lazo que sostiene mi coraz\u00f3n. Siempre juntos, como el sol y la luna, cabalgaremos por la vida, am\u00e1ndonos en cada amanecer y anochecer. Eres mi destino y mi hogar, mi eterna prometida vaquera.\"<\/p>\n<\/div>\r\n\t\t\t\t<div class=\"jackrose-sow-about-us-grid-item-links\">\r\n\t\t\t\t\t\t\t\t\t\t\t<a href=\"#\">\r\n\t\t\t\t\t\t\t<span class=\"fa fa-facebook\"><\/span>\r\n\t\t\t\t\t\t\t<span class=\"screen-reader-text\">facebook<\/span>\r\n\t\t\t\t\t\t<\/a>\r\n\t\t\t\t\t\t\t\t\t\t\t<a href=\"#\">\r\n\t\t\t\t\t\t\t<span class=\"fa fa-twitter\"><\/span>\r\n\t\t\t\t\t\t\t<span class=\"screen-reader-text\">twitter<\/span>\r\n\t\t\t\t\t\t<\/a>\r\n\t\t\t\t\t\t\t\t\t\t\t<a href=\"#\">\r\n\t\t\t\t\t\t\t<span class=\"fa fa-instagram\"><\/span>\r\n\t\t\t\t\t\t\t<span class=\"screen-reader-text\">instagram<\/span>\r\n\t\t\t\t\t\t<\/a>\r\n\t\t\t\t\t\t\t\t\t\t\t<a href=\"#\">\r\n\t\t\t\t\t\t\t<span class=\"fa fa-linkedin\"><\/span>\r\n\t\t\t\t\t\t\t<span class=\"screen-reader-text\">linkedin<\/span>\r\n\t\t\t\t\t\t<\/a>\r\n\t\t\t\t\t\t\t\t\t<\/div><!-- .jackrose-sow-about-us-grid-item-links -->\r\n\t\t\t<\/div><!-- .jackrose-sow-about-us-grid-item-text -->\r\n\t\t<\/div><!-- .jackrose-sow-about-us-grid-item -->\r\n\t\t\t<div class=\"jackrose-sow-about-us-grid-item jackrose-sow-about-us-grid-item-photo-right clear jackrose-animation-fade-in-up\"\r\n\t\t\tstyle=\"background-color: #f6f4f2\">\r\n\t\t\t<div class=\"jackrose-sow-about-us-grid-item-photo\">\r\n\t\t\t\t\t\t\t\t<div class=\"jackrose-sow-about-us-grid-item-photo-image\" style=\"background-image: url(https:\/\/invitacionesdigitales.media\/boda-pato-y-gaby\/wp-content\/uploads\/sites\/2\/2023\/07\/DSC_9998-540x360.jpg);\"><\/div>\r\n\t\t\t<\/div><!-- .jackrose-sow-about-us-grid-item-photo -->\r\n\t\t\t<div class=\"jackrose-sow-about-us-grid-item-text\">\r\n\t\t\t\t<h4 class=\"jackrose-sow-about-us-grid-item-name typography-heading\">Gaby Andrade<\/h4>\r\n\t\t\t\t<div class=\"jackrose-sow-about-us-grid-item-content\"><p>\"En este vasto paisaje de amor, t\u00fa eres mi ranchero valiente y mi estrella gu\u00eda. A tu lado, siento el calor del sol y la calidez de un hogar. Eres el jinete de mi coraz\u00f3n, y juntos, cabalgaremos hacia un futuro lleno de aventuras y pasiones desbordantes. Eres mi cowboy del alma, y en tus brazos, encuentro mi refugio eterno.\"<\/p>\n<\/div>\r\n\t\t\t\t<div class=\"jackrose-sow-about-us-grid-item-links\">\r\n\t\t\t\t\t\t\t\t\t\t\t<a href=\"#\">\r\n\t\t\t\t\t\t\t<span class=\"fa fa-facebook\"><\/span>\r\n\t\t\t\t\t\t\t<span class=\"screen-reader-text\">facebook<\/span>\r\n\t\t\t\t\t\t<\/a>\r\n\t\t\t\t\t\t\t\t\t\t\t<a href=\"#\">\r\n\t\t\t\t\t\t\t<span class=\"fa fa-twitter\"><\/span>\r\n\t\t\t\t\t\t\t<span class=\"screen-reader-text\">twitter<\/span>\r\n\t\t\t\t\t\t<\/a>\r\n\t\t\t\t\t\t\t\t\t\t\t<a href=\"#\">\r\n\t\t\t\t\t\t\t<span class=\"fa fa-instagram\"><\/span>\r\n\t\t\t\t\t\t\t<span class=\"screen-reader-text\">instagram<\/span>\r\n\t\t\t\t\t\t<\/a>\r\n\t\t\t\t\t\t\t\t\t\t\t<a href=\"#\">\r\n\t\t\t\t\t\t\t<span class=\"fa fa-linkedin\"><\/span>\r\n\t\t\t\t\t\t\t<span class=\"screen-reader-text\">linkedin<\/span>\r\n\t\t\t\t\t\t<\/a>\r\n\t\t\t\t\t\t\t\t\t<\/div><!-- .jackrose-sow-about-us-grid-item-links -->\r\n\t\t\t<\/div><!-- .jackrose-sow-about-us-grid-item-text -->\r\n\t\t<\/div><!-- .jackrose-sow-about-us-grid-item -->\r\n\t<\/div><!-- .jackrose-sow-about-us-grid --><\/div><\/div><\/div><\/div><\/div><div id=\"pg-7-3\"  class=\"panel-grid panel-has-style\" ><div class=\"siteorigin-panels-stretch panel-row-style panel-row-style-for-7-3\" data-stretch-type=\"full\" id=\"events\" data-jackrose-anchor=\"events\" ><div id=\"pgc-7-3-0\"  class=\"panel-grid-cell\" ><div id=\"panel-7-3-0-0\" class=\"so-panel widget widget_jackrose-sow-section-heading panel-first-child\" data-index=\"5\" ><div class=\"jackrose-animation-fade-in panel-widget-style panel-widget-style-for-7-3-0-0\" ><div\n\t\t\t\n\t\t\tclass=\"so-widget-jackrose-sow-section-heading so-widget-jackrose-sow-section-heading-default-d75171398898-7\"\n\t\t\t\n\t\t><header class=\"jackrose-sow-section-header align-center\">\r\n\t<h2 class=\"jackrose-sow-section-heading typography-section-heading\" style=\"color: #c8b4a0\">Cu\u00e1ndo y D\u00f3nde<\/h2>\r\n\t<p class=\"jackrose-sow-section-subheading\" style=\"color: #888888\"><\/p>\r\n<\/header><!-- .jackrose-sow-section-header --><\/div><\/div><\/div><div id=\"panel-7-3-0-1\" class=\"so-panel widget widget_jackrose-sow-events-grid panel-last-child\" data-index=\"6\" ><div\n\t\t\t\n\t\t\tclass=\"so-widget-jackrose-sow-events-grid so-widget-jackrose-sow-events-grid-default-d75171398898-7\"\n\t\t\t\n\t\t><div class=\"jackrose-sow-events-grid jackrose-sow-events-grid-2-columns clear\">\r\n\t\t\t<div class=\"jackrose-sow-events-grid-item jackrose-animation-fade-in-up\">\r\n\t\t\t<div class=\"jackrose-sow-events-grid-item-wrapper\" style=\"background-color: #ffffff\">\r\n\t\t\t\t\t\t\t\t\t<div class=\"jackrose-sow-events-grid-item-photo\"><img loading=\"lazy\" decoding=\"async\" width=\"540\" height=\"360\" src=\"https:\/\/invitacionesdigitales.media\/boda-pato-y-gaby\/wp-content\/uploads\/sites\/2\/2023\/06\/DSC_1823-540x360.jpg\" class=\"attachment-grid size-grid\" alt=\"\" srcset=\"https:\/\/invitacionesdigitales.media\/boda-pato-y-gaby\/wp-content\/uploads\/sites\/2\/2023\/06\/DSC_1823-540x360.jpg 540w, https:\/\/invitacionesdigitales.media\/boda-pato-y-gaby\/wp-content\/uploads\/sites\/2\/2023\/06\/DSC_1823-300x200.jpg 300w, https:\/\/invitacionesdigitales.media\/boda-pato-y-gaby\/wp-content\/uploads\/sites\/2\/2023\/06\/DSC_1823-1024x683.jpg 1024w, https:\/\/invitacionesdigitales.media\/boda-pato-y-gaby\/wp-content\/uploads\/sites\/2\/2023\/06\/DSC_1823-768x512.jpg 768w, https:\/\/invitacionesdigitales.media\/boda-pato-y-gaby\/wp-content\/uploads\/sites\/2\/2023\/06\/DSC_1823-1536x1024.jpg 1536w, https:\/\/invitacionesdigitales.media\/boda-pato-y-gaby\/wp-content\/uploads\/sites\/2\/2023\/06\/DSC_1823-2048x1365.jpg 2048w, https:\/\/invitacionesdigitales.media\/boda-pato-y-gaby\/wp-content\/uploads\/sites\/2\/2023\/06\/DSC_1823-1080x720.jpg 1080w, https:\/\/invitacionesdigitales.media\/boda-pato-y-gaby\/wp-content\/uploads\/sites\/2\/2023\/06\/DSC_1823-272x182.jpg 272w\" sizes=\"auto, (max-width: 540px) 100vw, 540px\" \/><\/div>\t\t\t\t\r\n\t\t\t\t\t\t\t\t\t<div class=\"jackrose-sow-events-grid-item-icon\"><img loading=\"lazy\" decoding=\"async\" width=\"60\" height=\"60\" src=\"https:\/\/invitacionesdigitales.media\/boda-pato-y-gaby\/wp-content\/uploads\/sites\/2\/2015\/11\/event-icon-ceremony.png\" class=\"attachment-full size-full\" alt=\"\" \/><\/div>\r\n\t\t\t\t\t\t\t\t\r\n\t\t\t\t\t\t\t\t\t<h4 class=\"jackrose-sow-events-grid-item-title typography-heading\">Ceremonia Religiosa<\/h4>\r\n\t\t\t\t\r\n\t\t\t\t\t\t\t\t\t<div class=\"jackrose-sow-events-grid-item-description\"><p>El Templo de San Marcos en Aguascalientes es una joya arquitect\u00f3nica y uno de los lugares m\u00e1s emblem\u00e1ticos de la ciudad. Ubicado en el coraz\u00f3n de Aguascalientes, este hermoso templo cat\u00f3lico es un importante punto de referencia tanto hist\u00f3rico como cultural.<\/p>\n<p><\/p>\n<\/div>\r\n\t\t\t\t\r\n\t\t\t\t\t\t\t\t\t<div class=\"jackrose-sow-events-grid-item-summary\">S\u00e1bado, 16 Diciembre, 2023 \u2014 5.00 PM \u2014 Templo San Marcos. Barrio San Marcos, Aguascalientes, Ags<\/div>\r\n\t\t\t\t\t\t\t<\/div><!-- .jackrose-sow-events-grid-item-wrapper -->\r\n\t\t<\/div><!-- .jackrose-sow-events-grid-item -->\r\n\t\t\t<div class=\"jackrose-sow-events-grid-item jackrose-animation-fade-in-up\">\r\n\t\t\t<div class=\"jackrose-sow-events-grid-item-wrapper\" style=\"background-color: #ffffff\">\r\n\t\t\t\t\t\t\t\t\t<div class=\"jackrose-sow-events-grid-item-photo\"><img loading=\"lazy\" decoding=\"async\" width=\"540\" height=\"354\" src=\"https:\/\/invitacionesdigitales.media\/boda-pato-y-gaby\/wp-content\/uploads\/sites\/2\/2023\/06\/DSC_4044-540x354.jpg\" class=\"attachment-grid size-grid\" alt=\"\" srcset=\"https:\/\/invitacionesdigitales.media\/boda-pato-y-gaby\/wp-content\/uploads\/sites\/2\/2023\/06\/DSC_4044-540x354.jpg 540w, https:\/\/invitacionesdigitales.media\/boda-pato-y-gaby\/wp-content\/uploads\/sites\/2\/2023\/06\/DSC_4044-300x196.jpg 300w, https:\/\/invitacionesdigitales.media\/boda-pato-y-gaby\/wp-content\/uploads\/sites\/2\/2023\/06\/DSC_4044-1024x671.jpg 1024w, https:\/\/invitacionesdigitales.media\/boda-pato-y-gaby\/wp-content\/uploads\/sites\/2\/2023\/06\/DSC_4044-768x503.jpg 768w, https:\/\/invitacionesdigitales.media\/boda-pato-y-gaby\/wp-content\/uploads\/sites\/2\/2023\/06\/DSC_4044-1536x1006.jpg 1536w, https:\/\/invitacionesdigitales.media\/boda-pato-y-gaby\/wp-content\/uploads\/sites\/2\/2023\/06\/DSC_4044-2048x1341.jpg 2048w, https:\/\/invitacionesdigitales.media\/boda-pato-y-gaby\/wp-content\/uploads\/sites\/2\/2023\/06\/DSC_4044-1080x707.jpg 1080w\" sizes=\"auto, (max-width: 540px) 100vw, 540px\" \/><\/div>\t\t\t\t\r\n\t\t\t\t\t\t\t\t\t<div class=\"jackrose-sow-events-grid-item-icon\"><img loading=\"lazy\" decoding=\"async\" width=\"60\" height=\"60\" src=\"https:\/\/invitacionesdigitales.media\/boda-pato-y-gaby\/wp-content\/uploads\/sites\/2\/2015\/11\/event-icon-party.png\" class=\"attachment-full size-full\" alt=\"\" \/><\/div>\r\n\t\t\t\t\t\t\t\t\r\n\t\t\t\t\t\t\t\t\t<h4 class=\"jackrose-sow-events-grid-item-title typography-heading\">Fiesta<\/h4>\r\n\t\t\t\t\r\n\t\t\t\t\t\t\t\t\t<div class=\"jackrose-sow-events-grid-item-description\"><p>El servicio en el Hotel Quinta Real de Aguascalientes es excepcional, con un personal amable y atento que se asegura de que cada hu\u00e9sped tenga una experiencia inolvidable. Desde el momento en que llegas hasta el momento en que te vas, te sentir\u00e1s bienvenido y cuidado en todo momento.<\/p>\n<\/div>\r\n\t\t\t\t\r\n\t\t\t\t\t\t\t\t\t<div class=\"jackrose-sow-events-grid-item-summary\">Sabado, 16 Diciembre, 2023 \u2014 8.00 PM \u2014 Hotel Quinta Real, Avenida Aguascalientes Sur #204, Aguascalientes, Aguascalientes<\/div>\r\n\t\t\t\t\t\t\t<\/div><!-- .jackrose-sow-events-grid-item-wrapper -->\r\n\t\t<\/div><!-- .jackrose-sow-events-grid-item -->\r\n\t<\/div><!-- .jackrose-sow-events-grid --><\/div><\/div><\/div><\/div><\/div><div id=\"pg-7-4\"  class=\"panel-grid panel-has-style\" ><div id=\"registry\" data-jackrose-anchor=\"registry\" class=\"panel-row-style panel-row-style-for-7-4\" ><div id=\"pgc-7-4-0\"  class=\"panel-grid-cell\" ><div id=\"panel-7-4-0-0\" class=\"so-panel widget widget_jackrose-sow-section-heading panel-first-child\" data-index=\"7\" ><div class=\"jackrose-animation-fade-in panel-widget-style panel-widget-style-for-7-4-0-0\" ><div\n\t\t\t\n\t\t\tclass=\"so-widget-jackrose-sow-section-heading so-widget-jackrose-sow-section-heading-default-d75171398898-7\"\n\t\t\t\n\t\t><header class=\"jackrose-sow-section-header align-center\">\r\n\t<h2 class=\"jackrose-sow-section-heading typography-section-heading\" style=\"color: #dcc8b4\">Mesa de Regalos<\/h2>\r\n\t<p class=\"jackrose-sow-section-subheading\" style=\"color: #888888\"><\/p>\r\n<\/header><!-- .jackrose-sow-section-header --><\/div><\/div><\/div><div id=\"panel-7-4-0-1\" class=\"so-panel widget widget_sow-editor panel-last-child\" data-index=\"8\" ><div class=\"jr-animation-fade-in-up jackrose-animation-fade-in panel-widget-style panel-widget-style-for-7-4-0-1\" ><div\n\t\t\t\n\t\t\tclass=\"so-widget-sow-editor so-widget-sow-editor-base\"\n\t\t\t\n\t\t>\n<div class=\"siteorigin-widget-tinymce textwidget\">\n\t<p style=\"text-align: center;\">\u00a0 \u00a0 \u00a0 \u00a0 \u00a0 \u00a0\u00a0 \u00a0 \u00a0 \u00a0 \u00a0\u00a0 \u00a0 \u00a0 \u00a0 <img loading=\"lazy\" decoding=\"async\" class=\"alignnone size-medium wp-image-465\" src=\"https:\/\/invitacionesdigitales.media\/boda-pato-y-gaby\/wp-content\/uploads\/sites\/2\/2024\/07\/liverpool-logo-black-and-white-300x300.png\" alt=\"\" width=\"300\" height=\"300\" srcset=\"https:\/\/invitacionesdigitales.media\/boda-pato-y-gaby\/wp-content\/uploads\/sites\/2\/2024\/07\/liverpool-logo-black-and-white-300x300.png 300w, https:\/\/invitacionesdigitales.media\/boda-pato-y-gaby\/wp-content\/uploads\/sites\/2\/2024\/07\/liverpool-logo-black-and-white-1024x1024.png 1024w, https:\/\/invitacionesdigitales.media\/boda-pato-y-gaby\/wp-content\/uploads\/sites\/2\/2024\/07\/liverpool-logo-black-and-white-150x150.png 150w, https:\/\/invitacionesdigitales.media\/boda-pato-y-gaby\/wp-content\/uploads\/sites\/2\/2024\/07\/liverpool-logo-black-and-white-768x768.png 768w, https:\/\/invitacionesdigitales.media\/boda-pato-y-gaby\/wp-content\/uploads\/sites\/2\/2024\/07\/liverpool-logo-black-and-white-1080x1080.png 1080w, https:\/\/invitacionesdigitales.media\/boda-pato-y-gaby\/wp-content\/uploads\/sites\/2\/2024\/07\/liverpool-logo-black-and-white-540x540.png 540w, https:\/\/invitacionesdigitales.media\/boda-pato-y-gaby\/wp-content\/uploads\/sites\/2\/2024\/07\/liverpool-logo-black-and-white.png 1280w\" sizes=\"auto, (max-width: 300px) 100vw, 300px\" \/><\/p>\n<\/div>\n<\/div><\/div><\/div><\/div><\/div><\/div><div id=\"pg-7-5\"  class=\"panel-grid panel-has-style\" ><div class=\"siteorigin-panels-stretch panel-row-style panel-row-style-for-7-5\" data-stretch-type=\"full\" id=\"quote\" data-jackrose-anchor=\"quote\" data-jackrose-background-parallax=\"{&quot;src&quot;:&quot;https:\\\/\\\/invitacionesdigitales.media\\\/boda-pato-y-gaby\\\/wp-content\\\/uploads\\\/sites\\\/2\\\/2023\\\/07\\\/DSC_0656-scaled.jpg&quot;,&quot;width&quot;:2560,&quot;height&quot;:1709,&quot;ratio&quot;:0.5}\" ><div id=\"pgc-7-5-0\"  class=\"panel-grid-cell\" ><div id=\"panel-7-5-0-0\" class=\"so-panel widget widget_jackrose-sow-quote panel-first-child panel-last-child\" data-index=\"9\" ><div class=\"so-rounded jackrose-animation-fade-in panel-widget-style panel-widget-style-for-7-5-0-0\" ><div\n\t\t\t\n\t\t\tclass=\"so-widget-jackrose-sow-quote so-widget-jackrose-sow-quote-default-d75171398898-7\"\n\t\t\t\n\t\t><div class=\"jackrose-sow-quote align-center\" data-jackrose-autoplay=\"5000\">\r\n\t\t\t<div class=\"jackrose-sow-quote-item\">\r\n\t\t\t<div class=\"jackrose-sow-quote-text\">I remember when I was in school, they would ask, 'What are you going to be when you grow up?' and then you'd have to draw a picture of it. I drew a picture of myself as a bride.<\/div>\r\n\t\t\t<div class=\"jackrose-sow-quote-name\">Gwen Stefani<\/div>\r\n\t\t<\/div><!-- .jackrose-sow-quote-item -->\r\n\t\t\t<div class=\"jackrose-sow-quote-item\">\r\n\t\t\t<div class=\"jackrose-sow-quote-text\">A man's got two shots for jewelry: a wedding ring and a watch. The watch is a lot easier to get on and off than a wedding ring.<\/div>\r\n\t\t\t<div class=\"jackrose-sow-quote-name\">John Mayer<\/div>\r\n\t\t<\/div><!-- .jackrose-sow-quote-item -->\r\n\t<\/div><!-- .jackrose-sow-quote --><\/div><\/div><\/div><\/div><\/div><\/div><\/div>","protected":false},"excerpt":{"rendered":"<p>Pato Garc\u00eda Gaby Andrade \u00a1Nos casamos! 16 de Diciembre 2023 &mdash; Aguascalientes, Aguascalientes Nosotros Patricio Garc\u00eda &#8220;Eres mi estrella en el cielo nocturno, mi yegua salvaje en la pradera, y el lazo que sostiene mi coraz\u00f3n. Siempre juntos, como el sol y la luna, cabalgaremos por la vida, am\u00e1ndonos en cada amanecer y anochecer. Eres [&hellip;]<\/p>\n","protected":false},"author":1,"featured_media":0,"parent":0,"menu_order":0,"comment_status":"closed","ping_status":"closed","template":"page-templates\/one-page.php","meta":{"_eb_attr":"","footnotes":""},"class_list":["post-7","page","type-page","status-publish","hentry"],"_links":{"self":[{"href":"https:\/\/invitacionesdigitales.media\/boda-pato-y-gaby\/wp-json\/wp\/v2\/pages\/7","targetHints":{"allow":["GET"]}}],"collection":[{"href":"https:\/\/invitacionesdigitales.media\/boda-pato-y-gaby\/wp-json\/wp\/v2\/pages"}],"about":[{"href":"https:\/\/invitacionesdigitales.media\/boda-pato-y-gaby\/wp-json\/wp\/v2\/types\/page"}],"author":[{"embeddable":true,"href":"https:\/\/invitacionesdigitales.media\/boda-pato-y-gaby\/wp-json\/wp\/v2\/users\/1"}],"replies":[{"embeddable":true,"href":"https:\/\/invitacionesdigitales.media\/boda-pato-y-gaby\/wp-json\/wp\/v2\/comments?post=7"}],"version-history":[{"count":57,"href":"https:\/\/invitacionesdigitales.media\/boda-pato-y-gaby\/wp-json\/wp\/v2\/pages\/7\/revisions"}],"predecessor-version":[{"id":466,"href":"https:\/\/invitacionesdigitales.media\/boda-pato-y-gaby\/wp-json\/wp\/v2\/pages\/7\/revisions\/466"}],"wp:attachment":[{"href":"https:\/\/invitacionesdigitales.media\/boda-pato-y-gaby\/wp-json\/wp\/v2\/media?parent=7"}],"curies":[{"name":"wp","href":"https:\/\/api.w.org\/{rel}","templated":true}]}}